{"id":160,"date":"2022-10-20T19:49:23","date_gmt":"2022-10-20T22:49:23","guid":{"rendered":"https:\/\/fortalezaempreendimentos.com.br\/?page_id=160"},"modified":"2022-10-21T10:17:52","modified_gmt":"2022-10-21T13:17:52","slug":"viva-minha-casa","status":"publish","type":"page","link":"https:\/\/fortalezaempreendimentos.com.br\/index.php\/viva-minha-casa\/","title":{"rendered":"Viva Minha Casa"},"content":{"rendered":"\t\t<div data-elementor-type=\"wp-page\" data-elementor-id=\"160\" class=\"elementor elementor-160\">\n\t\t\t\t\t\t\t\t\t<section class=\"elementor-section elementor-top-section elementor-element elementor-element-5b813c2 elementor-section-boxed elementor-section-height-default elementor-section-height-default\" data-id=\"5b813c2\" data-element_type=\"section\">\n\t\t\t\t\t\t<div class=\"elementor-container elementor-column-gap-default\">\n\t\t\t\t\t<div class=\"elementor-column elementor-col-100 elementor-top-column elementor-element elementor-element-f764b1c\" data-id=\"f764b1c\" data-element_type=\"column\">\n\t\t\t<div class=\"elementor-widget-wrap elementor-element-populated\">\n\t\t\t\t\t\t\t\t<div class=\"elementor-element elementor-element-eeb581c elementor-widget elementor-widget-image\" data-id=\"eeb581c\" data-element_type=\"widget\" data-widget_type=\"image.default\">\n\t\t\t\t<div class=\"elementor-widget-container\">\n\t\t\t<style>\/*! elementor - v3.7.8 - 02-10-2022 *\/\n.elementor-widget-image{text-align:center}.elementor-widget-image a{display:inline-block}.elementor-widget-image a img[src$=\".svg\"]{width:48px}.elementor-widget-image img{vertical-align:middle;display:inline-block}<\/style>\t\t\t\t\t\t\t\t\t\t\t\t<img decoding=\"async\" width=\"800\" height=\"565\" src=\"https:\/\/fortalezaempreendimentos.com.br\/wp-content\/uploads\/2022\/10\/WhatsApp-Image-2022-10-19-at-12.57.34-1024x723.jpeg\" class=\"attachment-large size-large\" alt=\"\" loading=\"lazy\" srcset=\"https:\/\/fortalezaempreendimentos.com.br\/wp-content\/uploads\/2022\/10\/WhatsApp-Image-2022-10-19-at-12.57.34-1024x723.jpeg 1024w, https:\/\/fortalezaempreendimentos.com.br\/wp-content\/uploads\/2022\/10\/WhatsApp-Image-2022-10-19-at-12.57.34-300x212.jpeg 300w, https:\/\/fortalezaempreendimentos.com.br\/wp-content\/uploads\/2022\/10\/WhatsApp-Image-2022-10-19-at-12.57.34-768x542.jpeg 768w, https:\/\/fortalezaempreendimentos.com.br\/wp-content\/uploads\/2022\/10\/WhatsApp-Image-2022-10-19-at-12.57.34.jpeg 1280w\" sizes=\"(max-width: 800px) 100vw, 800px\" \/>\t\t\t\t\t\t\t\t\t\t\t\t\t\t\t<\/div>\n\t\t\t\t<\/div>\n\t\t\t\t\t<\/div>\n\t\t<\/div>\n\t\t\t\t\t\t\t<\/div>\n\t\t<\/section>\n\t\t\t\t<section class=\"elementor-section elementor-top-section elementor-element elementor-element-4c6d38e elementor-section-boxed elementor-section-height-default elementor-section-height-default\" data-id=\"4c6d38e\" data-element_type=\"section\">\n\t\t\t\t\t\t<div class=\"elementor-container elementor-column-gap-default\">\n\t\t\t\t\t<div class=\"elementor-column elementor-col-50 elementor-top-column elementor-element elementor-element-04bbe7c\" data-id=\"04bbe7c\" data-element_type=\"column\">\n\t\t\t<div class=\"elementor-widget-wrap elementor-element-populated\">\n\t\t\t\t\t\t\t\t<div class=\"elementor-element elementor-element-7cd0352 elementor-widget elementor-widget-image\" data-id=\"7cd0352\" data-element_type=\"widget\" data-widget_type=\"image.default\">\n\t\t\t\t<div class=\"elementor-widget-container\">\n\t\t\t\t\t\t\t\t\t\t\t\t\t\t\t<img decoding=\"async\" width=\"800\" height=\"534\" src=\"https:\/\/fortalezaempreendimentos.com.br\/wp-content\/uploads\/2022\/10\/casal-feliz-recebendo-as-chaves-de-sua-nova-casa-do-corretor-de-imoveis_23-2148895470-1024x683.webp\" class=\"attachment-large size-large\" alt=\"\" loading=\"lazy\" srcset=\"https:\/\/fortalezaempreendimentos.com.br\/wp-content\/uploads\/2022\/10\/casal-feliz-recebendo-as-chaves-de-sua-nova-casa-do-corretor-de-imoveis_23-2148895470-1024x683.webp 1024w, https:\/\/fortalezaempreendimentos.com.br\/wp-content\/uploads\/2022\/10\/casal-feliz-recebendo-as-chaves-de-sua-nova-casa-do-corretor-de-imoveis_23-2148895470-300x200.webp 300w, https:\/\/fortalezaempreendimentos.com.br\/wp-content\/uploads\/2022\/10\/casal-feliz-recebendo-as-chaves-de-sua-nova-casa-do-corretor-de-imoveis_23-2148895470-768x512.webp 768w, https:\/\/fortalezaempreendimentos.com.br\/wp-content\/uploads\/2022\/10\/casal-feliz-recebendo-as-chaves-de-sua-nova-casa-do-corretor-de-imoveis_23-2148895470-1536x1025.webp 1536w, https:\/\/fortalezaempreendimentos.com.br\/wp-content\/uploads\/2022\/10\/casal-feliz-recebendo-as-chaves-de-sua-nova-casa-do-corretor-de-imoveis_23-2148895470.webp 2000w\" sizes=\"(max-width: 800px) 100vw, 800px\" \/>\t\t\t\t\t\t\t\t\t\t\t\t\t\t\t<\/div>\n\t\t\t\t<\/div>\n\t\t\t\t\t<\/div>\n\t\t<\/div>\n\t\t\t\t<div class=\"elementor-column elementor-col-50 elementor-top-column elementor-element elementor-element-6234e02\" data-id=\"6234e02\" data-element_type=\"column\">\n\t\t\t<div class=\"elementor-widget-wrap elementor-element-populated\">\n\t\t\t\t\t\t\t\t<div class=\"elementor-element elementor-element-266fd2f elementor-widget elementor-widget-text-editor\" data-id=\"266fd2f\" data-element_type=\"widget\" data-widget_type=\"text-editor.default\">\n\t\t\t\t<div class=\"elementor-widget-container\">\n\t\t\t<style>\/*! elementor - v3.7.8 - 02-10-2022 *\/\n.elementor-widget-text-editor.elementor-drop-cap-view-stacked .elementor-drop-cap{background-color:#818a91;color:#fff}.elementor-widget-text-editor.elementor-drop-cap-view-framed .elementor-drop-cap{color:#818a91;border:3px solid;background-color:transparent}.elementor-widget-text-editor:not(.elementor-drop-cap-view-default) .elementor-drop-cap{margin-top:8px}.elementor-widget-text-editor:not(.elementor-drop-cap-view-default) .elementor-drop-cap-letter{width:1em;height:1em}.elementor-widget-text-editor .elementor-drop-cap{float:left;text-align:center;line-height:1;font-size:50px}.elementor-widget-text-editor .elementor-drop-cap-letter{display:inline-block}<\/style>\t\t\t\t<h5>O Programa <strong>Viva Minha Casa<\/strong> foi criado pela Fortaleza Empreendimentos, idealizado pelo fundador e tem como principal objetivo proporcionar melhorias nas casas de pessoas que vivem em condi\u00e7\u00f5es subumanas e sem dignidade, as obras s\u00e3o custeadas atrav\u00e9s de financiamento coletivo, doa\u00e7\u00f5es da pr\u00f3pria Fortaleza Empreendimentos e de parceiros do projeto, isentando o benefici\u00e1rio de qualquer custo.<br \/><br \/><\/h5><h5>Esse programa j\u00e1 est\u00e1 patenteado e pretende ajudar pessoas que n\u00e3o tem saneamento b\u00e1sico na sua moradia, aquelas que moram em palafitas e n\u00e3o tem possibilidade financeira de mudar essa realidade. Todo o processo da obra ser\u00e1 documentado para que haja a maior transpar\u00eancia poss\u00edvel.<\/h5>\t\t\t\t\t\t<\/div>\n\t\t\t\t<\/div>\n\t\t\t\t\t<\/div>\n\t\t<\/div>\n\t\t\t\t\t\t\t<\/div>\n\t\t<\/section>\n\t\t\t\t<section class=\"elementor-section elementor-top-section elementor-element elementor-element-e3df6bd elementor-section-boxed elementor-section-height-default elementor-section-height-default\" data-id=\"e3df6bd\" data-element_type=\"section\">\n\t\t\t\t\t\t<div class=\"elementor-container elementor-column-gap-default\">\n\t\t\t\t\t<div class=\"elementor-column elementor-col-50 elementor-top-column elementor-element elementor-element-db5c96c\" data-id=\"db5c96c\" data-element_type=\"column\">\n\t\t\t<div class=\"elementor-widget-wrap elementor-element-populated\">\n\t\t\t\t\t\t\t\t<div class=\"elementor-element elementor-element-d89bef1 elementor-widget elementor-widget-text-editor\" data-id=\"d89bef1\" data-element_type=\"widget\" data-widget_type=\"text-editor.default\">\n\t\t\t\t<div class=\"elementor-widget-container\">\n\t\t\t\t\t\t\t<h5>A <strong>Fortaleza Empreendimentos<\/strong> tamb\u00e9m tem como intuito vender diretamente im\u00f3veis para as pessoas que est\u00e3o em situa\u00e7\u00e3o de baixa renda, visto que, a burocracia que existe na<br>intermedia\u00e7\u00e3o dos bancos dificulta a libera\u00e7\u00e3o de cr\u00e9dito para os mesmos, muitas vezes impossibilitando a compra.<\/h5>\n<h5><strong>COMO FUNCIONA?<\/strong><br>A escolha das pessoas que ser\u00e3o contempladas nesse programa ser\u00e1 feita por meio de sorteio, diante de uma procura pr\u00e9via por quem vive nas condi\u00e7\u00f5es j\u00e1 mencionadas.<\/h5>\t\t\t\t\t\t<\/div>\n\t\t\t\t<\/div>\n\t\t\t\t\t<\/div>\n\t\t<\/div>\n\t\t\t\t<div class=\"elementor-column elementor-col-50 elementor-top-column elementor-element elementor-element-7c2321d\" data-id=\"7c2321d\" data-element_type=\"column\">\n\t\t\t<div class=\"elementor-widget-wrap elementor-element-populated\">\n\t\t\t\t\t\t\t\t<div class=\"elementor-element elementor-element-16db0db elementor-widget elementor-widget-image\" data-id=\"16db0db\" data-element_type=\"widget\" data-widget_type=\"image.default\">\n\t\t\t\t<div class=\"elementor-widget-container\">\n\t\t\t\t\t\t\t\t\t\t\t\t\t\t\t<img decoding=\"async\" width=\"600\" height=\"400\" src=\"https:\/\/fortalezaempreendimentos.com.br\/wp-content\/uploads\/2022\/10\/depositphotos_9218598-stock-photo-couple-looking-at-their-new.webp\" class=\"attachment-large size-large\" alt=\"\" loading=\"lazy\" srcset=\"https:\/\/fortalezaempreendimentos.com.br\/wp-content\/uploads\/2022\/10\/depositphotos_9218598-stock-photo-couple-looking-at-their-new.webp 600w, https:\/\/fortalezaempreendimentos.com.br\/wp-content\/uploads\/2022\/10\/depositphotos_9218598-stock-photo-couple-looking-at-their-new-300x200.webp 300w\" sizes=\"(max-width: 600px) 100vw, 600px\" \/>\t\t\t\t\t\t\t\t\t\t\t\t\t\t\t<\/div>\n\t\t\t\t<\/div>\n\t\t\t\t\t<\/div>\n\t\t<\/div>\n\t\t\t\t\t\t\t<\/div>\n\t\t<\/section>\n\t\t\t\t\t\t\t<\/div>\n\t\t","protected":false},"excerpt":{"rendered":"<p>O Programa Viva Minha Casa foi criado pela Fortaleza Empreendimentos, idealizado pelo fundador e tem como principal objetivo proporcionar melhorias nas casas de pessoas que vivem em condi\u00e7\u00f5es subumanas e sem dignidade, as obras s\u00e3o custeadas atrav\u00e9s de financiamento coletivo, doa\u00e7\u00f5es da pr\u00f3pria Fortaleza Empreendimentos e de parceiros do projeto, isentando o benefici\u00e1rio de qualquer [&hellip;]<\/p>\n","protected":false},"author":1,"featured_media":0,"parent":0,"menu_order":0,"comment_status":"closed","ping_status":"closed","template":"elementor_header_footer","meta":{"om_disable_all_campaigns":false,"_monsterinsights_skip_tracking":false,"_monsterinsights_sitenote_active":false,"_monsterinsights_sitenote_note":"","_monsterinsights_sitenote_category":0},"aioseo_notices":[],"_links":{"self":[{"href":"https:\/\/fortalezaempreendimentos.com.br\/index.php\/wp-json\/wp\/v2\/pages\/160"}],"collection":[{"href":"https:\/\/fortalezaempreendimentos.com.br\/index.php\/wp-json\/wp\/v2\/pages"}],"about":[{"href":"https:\/\/fortalezaempreendimentos.com.br\/index.php\/wp-json\/wp\/v2\/types\/page"}],"author":[{"embeddable":true,"href":"https:\/\/fortalezaempreendimentos.com.br\/index.php\/wp-json\/wp\/v2\/users\/1"}],"replies":[{"embeddable":true,"href":"https:\/\/fortalezaempreendimentos.com.br\/index.php\/wp-json\/wp\/v2\/comments?post=160"}],"version-history":[{"count":9,"href":"https:\/\/fortalezaempreendimentos.com.br\/index.php\/wp-json\/wp\/v2\/pages\/160\/revisions"}],"predecessor-version":[{"id":206,"href":"https:\/\/fortalezaempreendimentos.com.br\/index.php\/wp-json\/wp\/v2\/pages\/160\/revisions\/206"}],"wp:attachment":[{"href":"https:\/\/fortalezaempreendimentos.com.br\/index.php\/wp-json\/wp\/v2\/media?parent=160"}],"curies":[{"name":"wp","href":"https:\/\/api.w.org\/{rel}","templated":true}]}}